{"id":37764,"date":"2021-07-27T11:12:39","date_gmt":"2021-07-27T09:12:39","guid":{"rendered":"https:\/\/www.tuttestorie.it\/accueil\/quest-ce-que-loffice-poetique\/"},"modified":"2025-10-28T10:23:03","modified_gmt":"2025-10-28T09:23:03","slug":"quest-ce-que-loffice-poetique","status":"publish","type":"page","link":"https:\/\/www.tuttestorie.it\/fr\/accueil\/quest-ce-que-loffice-poetique\/","title":{"rendered":"Qu&rsquo;est-ce que le Bureau Po\u00e9tique"},"content":{"rendered":"\t\t<div data-elementor-type=\"wp-page\" data-elementor-id=\"37764\" class=\"elementor elementor-37764 elementor-1398\" data-elementor-post-type=\"page\">\n\t\t\t\t\t\t<section data-dce-background-image-url=\"https:\/\/www.tuttestorie.it\/wp-content\/uploads\/2024\/02\/DSC1540-2-scaled.jpg\" class=\"elementor-section elementor-top-section elementor-element elementor-element-780a60da elementor-section-content-middle elementor-section-height-min-height elementor-section-boxed elementor-section-height-default elementor-section-items-middle\" data-id=\"780a60da\" data-element_type=\"section\" data-e-type=\"section\" data-settings=\"{&quot;background_background&quot;:&quot;classic&quot;}\">\n\t\t\t\t\t\t<div class=\"elementor-container elementor-column-gap-default\">\n\t\t\t\t\t<div class=\"elementor-column elementor-col-100 elementor-top-column elementor-element elementor-element-6b0aac3\" data-id=\"6b0aac3\" data-element_type=\"column\" data-e-type=\"column\" data-settings=\"{&quot;background_background&quot;:&quot;classic&quot;}\">\n\t\t\t<div class=\"elementor-widget-wrap\">\n\t\t\t\t\t\t\t<\/div>\n\t\t<\/div>\n\t\t\t\t\t<\/div>\n\t\t<\/section>\n\t\t<div class=\"elementor-element elementor-element-6304817 e-flex e-con-boxed e-con e-parent\" data-id=\"6304817\" data-element_type=\"container\" data-e-type=\"container\">\n\t\t\t\t\t<div class=\"e-con-inner\">\n\t\t<div class=\"elementor-element elementor-element-8978e65 e-con-full e-flex e-con e-child\" data-id=\"8978e65\" data-element_type=\"container\" data-e-type=\"container\">\n\t\t\t\t<div class=\"elementor-element elementor-element-f545ae3 elementor-widget-divider--view-line_text elementor-widget-divider--element-align-left elementor-widget elementor-widget-divider\" data-id=\"f545ae3\" data-element_type=\"widget\" data-e-type=\"widget\" data-widget_type=\"divider.default\">\n\t\t\t\t<div class=\"elementor-widget-container\">\n\t\t\t\t\t\t\t<div class=\"elementor-divider\">\n\t\t\t<span class=\"elementor-divider-separator\">\n\t\t\t\t\t\t\t<span class=\"elementor-divider__text elementor-divider__element\">\n\t\t\t\tQu'est-ce que le Bureau Po\u00e9tique\t\t\t\t<\/span>\n\t\t\t\t\t\t<\/span>\n\t\t<\/div>\n\t\t\t\t\t\t<\/div>\n\t\t\t\t<\/div>\n\t\t<div class=\"elementor-element elementor-element-b8d9a98 e-con-full e-flex e-con e-child\" data-id=\"b8d9a98\" data-element_type=\"container\" data-e-type=\"container\">\n\t\t<div class=\"elementor-element elementor-element-6fae224 e-con-full e-flex e-con e-child\" data-id=\"6fae224\" data-element_type=\"container\" data-e-type=\"container\">\n\t\t\t\t<div class=\"elementor-element elementor-element-1a32639 elementor-widget elementor-widget-text-editor\" data-id=\"1a32639\" data-element_type=\"widget\" data-e-type=\"widget\" data-widget_type=\"text-editor.default\">\n\t\t\t\t<div class=\"elementor-widget-container\">\n\t\t\t\t\t\t\t\t\t<p>C&rsquo;est quoi le Bureau Po\u00e9tique?<\/p><p>Le Bureau Po\u00e9tique du Festival Tuttestorie est \u00ab Une Pompe de Sens, un C\u0153ur d\u2019\u00c9crivain qui aspire de toutes parts les Histoires des Lecteurs pour qu\u2019elles rencontrent celles des Livres. \u00bb<\/p><p>Les mots de Bruno Tognolini expriment l&rsquo;essence du Bureau Po\u00e9tique, le pouvoir g\u00e9n\u00e9rateur et transformateur des histoires et des r\u00e9cits, la capacit\u00e9 de la pens\u00e9e et de la parole \u00e0 se fa\u00e7onner mutuellement, \u00e0 donner forme, \u00e0 \u00e9largir les horizons d&rsquo;exploration, de questionnement, de connaissance et d&rsquo;imagination de soi et du monde.<\/p><p>Un espace physique au sein du Festival Tuttestorie, un espace m\u00e9taphorique pour nourrir la dimension po\u00e9tique, pour jouer avec les mots, ouvert \u00e0 la libre expression et \u00e0 l&rsquo;\u00e9coute de la voix po\u00e9tique de l&rsquo;enfance.<\/p>\t\t\t\t\t\t\t\t<\/div>\n\t\t\t\t<\/div>\n\t\t\t\t<div class=\"elementor-element elementor-element-7ebb321 elementor-blockquote--skin-quotation elementor-blockquote--align-right elementor-widget elementor-widget-blockquote\" data-id=\"7ebb321\" data-element_type=\"widget\" data-e-type=\"widget\" data-widget_type=\"blockquote.default\">\n\t\t\t\t<div class=\"elementor-widget-container\">\n\t\t\t\t\t\t\t<blockquote class=\"elementor-blockquote\">\n\t\t\t<p class=\"elementor-blockquote__content\">\n\t\t\t\tUne Pompe de Sens, un C\u0153ur d'\u00c9criture qui aspire les Histoires des Lecteurs de toutes parts pour qu'elles rencontrent celles des Livres.\t\t\t<\/p>\n\t\t\t\t\t<\/blockquote>\n\t\t\t\t\t\t<\/div>\n\t\t\t\t<\/div>\n\t\t\t\t<div class=\"elementor-element elementor-element-2ec07a9 elementor-widget elementor-widget-text-editor\" data-id=\"2ec07a9\" data-element_type=\"widget\" data-e-type=\"widget\" data-widget_type=\"text-editor.default\">\n\t\t\t\t<div class=\"elementor-widget-container\">\n\t\t\t\t\t\t\t\t\t<div class=\"elementor-element elementor-element-33c7251c elementor-widget elementor-widget-text-editor\" data-id=\"33c7251c\" data-element_type=\"widget\" data-widget_type=\"text-editor.default\"><div class=\"elementor-widget-container\"><div class=\"elementor-text-editor elementor-clearfix\"><p> <\/p><p>Que fait-on au Bureau Po\u00e9tique ?<\/p><p>Une partie du travail est r\u00e9alis\u00e9e en amont du Festival : ce sont les premi\u00e8res r\u00e9coltes, les premi\u00e8res pousses des graines jet\u00e9es dans les salles de classe et les biblioth\u00e8ques qui accueillent notre proposition.<\/p><p>Des mots, des questions, des inqui\u00e9tudes, des curiosit\u00e9s qui habitent les choses du quotidien et qui r\u00e9sonnent dans l\u2019esprit et le corps des filles et des gar\u00e7ons.<\/p><p> <\/p><p>Apr\u00e8s une s\u00e9lection minutieuse, les pens\u00e9es sont imprim\u00e9es sur de grandes feuilles color\u00e9es, \u00e9tal\u00e9es au soleil et enroul\u00e9es sur les fils qui parcourent tous les espaces ouverts de l&rsquo;ExM\u00e0 et offertes aux yeux de tous les visiteurs.<\/p><\/div><\/div><\/div>\t\t\t\t\t\t\t\t<\/div>\n\t\t\t\t<\/div>\n\t\t\t\t<\/div>\n\t\t<div class=\"elementor-element elementor-element-196c929 e-con-full e-flex e-con e-child\" data-id=\"196c929\" data-element_type=\"container\" data-e-type=\"container\">\n\t\t\t\t<div class=\"elementor-element elementor-element-94ff7f4 elementor-widget elementor-widget-text-editor\" data-id=\"94ff7f4\" data-element_type=\"widget\" data-e-type=\"widget\" data-widget_type=\"text-editor.default\">\n\t\t\t\t<div class=\"elementor-widget-container\">\n\t\t\t\t\t\t\t\t\t<p>La deuxi\u00e8me r\u00e9colte se d\u00e9roule pendant les journ\u00e9es du Festival, dans un renouveau continu d&rsquo;intuitions, de visions, de fragments d&rsquo;histoires, d&rsquo;aper\u00e7us de po\u00e9sie.<\/p><p>Au fil des ann\u00e9es, le Bureau Po\u00e9tique a recueilli des milliers de suggestions, un catalogue de pens\u00e9es dr\u00f4les, m\u00e9lancoliques, impertinentes, poignantes, r\u00eaveuses, un recueil de secrets, de messages, de visions, de r\u00eaves, de regards sur le monde, mais aussi un portrait composite, vari\u00e9, authentique et sans fin de ce que chaque enfant continue de nous dire : c&rsquo;est moi.<\/p><p style=\"text-align: right;\">Emanuele Scotto (U Dirett\u00f9)<\/p><p> <\/p>\t\t\t\t\t\t\t\t<\/div>\n\t\t\t\t<\/div>\n\t\t\t\t<div class=\"elementor-element elementor-element-b2faf47 dce_masking-none elementor-widget elementor-widget-image\" data-id=\"b2faf47\" data-element_type=\"widget\" data-e-type=\"widget\" data-widget_type=\"image.default\">\n\t\t\t\t<div class=\"elementor-widget-container\">\n\t\t\t\t\t\t\t\t\t\t\t\t\t\t\t<img fetchpriority=\"high\" decoding=\"async\" width=\"1536\" height=\"2048\" src=\"https:\/\/www.tuttestorie.it\/wp-content\/uploads\/2025\/03\/ufficio-poetico-2025.jpeg\" class=\"attachment-full size-full wp-image-43753\" alt=\"\" srcset=\"https:\/\/www.tuttestorie.it\/wp-content\/uploads\/2025\/03\/ufficio-poetico-2025.jpeg 1536w, https:\/\/www.tuttestorie.it\/wp-content\/uploads\/2025\/03\/ufficio-poetico-2025-225x300.jpeg 225w, https:\/\/www.tuttestorie.it\/wp-content\/uploads\/2025\/03\/ufficio-poetico-2025-768x1024.jpeg 768w, https:\/\/www.tuttestorie.it\/wp-content\/uploads\/2025\/03\/ufficio-poetico-2025-1152x1536.jpeg 1152w, https:\/\/www.tuttestorie.it\/wp-content\/uploads\/2025\/03\/ufficio-poetico-2025-600x800.jpeg 600w\" sizes=\"(max-width: 1536px) 100vw, 1536px\" \/>\t\t\t\t\t\t\t\t\t\t\t\t\t\t\t<\/div>\n\t\t\t\t<\/div>\n\t\t\t\t<\/div>\n\t\t\t\t<\/div>\n\t\t\t\t<div class=\"elementor-element elementor-element-ff0a1c0 elementor-widget elementor-widget-text-editor\" data-id=\"ff0a1c0\" data-element_type=\"widget\" data-e-type=\"widget\" data-widget_type=\"text-editor.default\">\n\t\t\t\t<div class=\"elementor-widget-container\">\n\t\t\t\t\t\t\t\t\t<p style=\"text-align: center;\">Pour information \u00e9crivez-nous \u00e0 cette adresse: <a href=\"mailto:ufficiopoeticofestival@gmail.com\">ufficiopoeticofestival@gmail.com<\/a><\/p>\t\t\t\t\t\t\t\t<\/div>\n\t\t\t\t<\/div>\n\t\t\t\t<div class=\"elementor-element elementor-element-95091fb dce_masking-none elementor-widget elementor-widget-image\" data-id=\"95091fb\" data-element_type=\"widget\" data-e-type=\"widget\" data-widget_type=\"image.default\">\n\t\t\t\t<div class=\"elementor-widget-container\">\n\t\t\t\t\t\t\t\t\t\t\t\t\t\t\t<img decoding=\"async\" width=\"452\" height=\"600\" src=\"https:\/\/www.tuttestorie.it\/wp-content\/uploads\/2021\/09\/alberocasa.jpg\" class=\"attachment-full size-full wp-image-32561\" alt=\"\" srcset=\"https:\/\/www.tuttestorie.it\/wp-content\/uploads\/2021\/09\/alberocasa.jpg 452w, https:\/\/www.tuttestorie.it\/wp-content\/uploads\/2021\/09\/alberocasa-226x300.jpg 226w\" sizes=\"(max-width: 452px) 100vw, 452px\" \/>\t\t\t\t\t\t\t\t\t\t\t\t\t\t\t<\/div>\n\t\t\t\t<\/div>\n\t\t\t\t<\/div>\n\t\t\t\t\t<\/div>\n\t\t\t\t<\/div>\n\t\t\t\t<section data-dce-background-color=\"#F3BA44\" data-dce-background-image-url=\"https:\/\/www.tuttestorie.it\/wp-content\/uploads\/2021\/09\/uomo-nuvola.png\" class=\"elementor-section elementor-top-section elementor-element elementor-element-7e073240 elementor-section-boxed elementor-section-height-default elementor-section-height-default\" data-id=\"7e073240\" data-element_type=\"section\" data-e-type=\"section\" data-settings=\"{&quot;background_background&quot;:&quot;classic&quot;}\">\n\t\t\t\t\t\t<div class=\"elementor-container elementor-column-gap-default\">\n\t\t\t\t\t<div class=\"elementor-column elementor-col-100 elementor-top-column elementor-element elementor-element-1306517c\" data-id=\"1306517c\" data-element_type=\"column\" data-e-type=\"column\">\n\t\t\t<div class=\"elementor-widget-wrap elementor-element-populated\">\n\t\t\t\t\t\t<div class=\"elementor-element elementor-element-b734843 elementor-widget-divider--view-line_text elementor-widget-divider--element-align-left elementor-widget elementor-widget-divider\" data-id=\"b734843\" data-element_type=\"widget\" data-e-type=\"widget\" data-widget_type=\"divider.default\">\n\t\t\t\t<div class=\"elementor-widget-container\">\n\t\t\t\t\t\t\t<div class=\"elementor-divider\">\n\t\t\t<span class=\"elementor-divider-separator\">\n\t\t\t\t\t\t\t<span class=\"elementor-divider__text elementor-divider__element\">\n\t\t\t\tMat\u00e9riaux\t\t\t\t<\/span>\n\t\t\t\t\t\t<\/span>\n\t\t<\/div>\n\t\t\t\t\t\t<\/div>\n\t\t\t\t<\/div>\n\t\t\t\t<div class=\"elementor-element elementor-element-d00d1e1 elementor-widget elementor-widget-text-editor\" data-id=\"d00d1e1\" data-element_type=\"widget\" data-e-type=\"widget\" data-widget_type=\"text-editor.default\">\n\t\t\t\t<div class=\"elementor-widget-container\">\n\t\t\t\t\t\t\t\t\t<p>Au cours de dix-neuf \u00e9ditions, le Bureau Po\u00e9tique a recueilli 7 877 pens\u00e9es de gar\u00e7ons et de filles.<\/p><p>Les voici! Parce que les belles choses doivent \u00eatre partag\u00e9es et qui sait, peut-\u00eatre qu\u2019elles pourraient devenir des graines \u00e0 partir desquelles pourront na\u00eetre des histoires, des dessins et des comptines.<\/p>\t\t\t\t\t\t\t\t<\/div>\n\t\t\t\t<\/div>\n\t\t\t\t<div class=\"elementor-element elementor-element-89610f5 elementor-widget__width-initial elementor-view-default elementor-position-block-start elementor-mobile-position-block-start elementor-widget elementor-widget-icon-box\" data-id=\"89610f5\" data-element_type=\"widget\" data-e-type=\"widget\" data-widget_type=\"icon-box.default\">\n\t\t\t\t<div class=\"elementor-widget-container\">\n\t\t\t\t\t\t\t<div class=\"elementor-icon-box-wrapper\">\n\n\t\t\t\t\t\t<div class=\"elementor-icon-box-icon\">\n\t\t\t\t<a href=\"https:\/\/www.tuttestorie.it\/wp-content\/uploads\/2024\/10\/Ufficio-Poetico-Senza-Fine_TUTTI-I-PENSIERI-DEL-2024.pdf\" target=\"_blank\" class=\"elementor-icon\" tabindex=\"-1\" aria-label=\"Et maintenant?\">\n\t\t\t\t<i aria-hidden=\"true\" class=\"fas fa-file-pdf\"><\/i>\t\t\t\t<\/a>\n\t\t\t<\/div>\n\t\t\t\n\t\t\t\t\t\t<div class=\"elementor-icon-box-content\">\n\n\t\t\t\t\t\t\t\t\t<h3 class=\"elementor-icon-box-title\">\n\t\t\t\t\t\t<a href=\"https:\/\/www.tuttestorie.it\/wp-content\/uploads\/2024\/10\/Ufficio-Poetico-Senza-Fine_TUTTI-I-PENSIERI-DEL-2024.pdf\" target=\"_blank\" >\n\t\t\t\t\t\t\tEt maintenant?\t\t\t\t\t\t<\/a>\n\t\t\t\t\t<\/h3>\n\t\t\t\t\n\t\t\t\t\t\t\t\t\t<p class=\"elementor-icon-box-description\">\n\t\t\t\t\t\tHistoires, visions et livres sur les choses qui finissent (2024)<br>&nbsp;<br><a href=\"https:\/\/www.tuttestorie.it\/wp-content\/uploads\/2024\/10\/Ufficio-Poetico-Senza-Fine_TUTTI-I-PENSIERI-DEL-2024.pdf\" style=\"color:#fff;font-weight:bold\">SCARICA IL PDF<\/a>\t\t\t\t\t<\/p>\n\t\t\t\t\n\t\t\t<\/div>\n\t\t\t\n\t\t<\/div>\n\t\t\t\t\t\t<\/div>\n\t\t\t\t<\/div>\n\t\t\t\t<section class=\"elementor-section elementor-inner-section elementor-element elementor-element-c02e40a elementor-section-boxed elementor-section-height-default elementor-section-height-default\" data-id=\"c02e40a\" data-element_type=\"section\" data-e-type=\"section\">\n\t\t\t\t\t\t<div class=\"elementor-container elementor-column-gap-default\">\n\t\t\t\t\t<div class=\"elementor-column elementor-col-50 elementor-inner-column elementor-element elementor-element-a8433ed\" data-id=\"a8433ed\" data-element_type=\"column\" data-e-type=\"column\">\n\t\t\t<div class=\"elementor-widget-wrap elementor-element-populated\">\n\t\t\t\t\t\t<div data-dce-text-color=\"#FFFFFF\" class=\"elementor-element elementor-element-b01edc6 elementor-icon-list--layout-traditional elementor-list-item-link-full_width elementor-widget elementor-widget-icon-list\" data-id=\"b01edc6\" data-element_type=\"widget\" data-e-type=\"widget\" data-widget_type=\"icon-list.default\">\n\t\t\t\t<div class=\"elementor-widget-container\">\n\t\t\t\t\t\t\t<ul class=\"elementor-icon-list-items\">\n\t\t\t\t\t\t\t<li class=\"elementor-icon-list-item\">\n\t\t\t\t\t\t\t\t\t\t\t<a href=\"https:\/\/www.tuttestorie.it\/wp-content\/uploads\/2021\/08\/1-Domande-500.pdf\" target=\"_blank\">\n\n\t\t\t\t\t\t\t\t\t\t\t\t<span class=\"elementor-icon-list-icon\">\n\t\t\t\t\t\t\t<i aria-hidden=\"true\" class=\"far fa-file-pdf\"><\/i>\t\t\t\t\t\t<\/span>\n\t\t\t\t\t\t\t\t\t\t<span class=\"elementor-icon-list-text\">Combien de fraises poussent dans la mer ? (2006)<\/span>\n\t\t\t\t\t\t\t\t\t\t\t<\/a>\n\t\t\t\t\t\t\t\t\t<\/li>\n\t\t\t\t\t\t\t\t<li class=\"elementor-icon-list-item\">\n\t\t\t\t\t\t\t\t\t\t\t<a href=\"https:\/\/www.tuttestorie.it\/wp-content\/uploads\/2021\/08\/2-Libreta\u0300-107.pdf\" target=\"_blank\">\n\n\t\t\t\t\t\t\t\t\t\t\t\t<span class=\"elementor-icon-list-icon\">\n\t\t\t\t\t\t\t<i aria-hidden=\"true\" class=\"far fa-file-pdf\"><\/i>\t\t\t\t\t\t<\/span>\n\t\t\t\t\t\t\t\t\t\t<span class=\"elementor-icon-list-text\">Vive La Libret\u00e0! (2007)<\/span>\n\t\t\t\t\t\t\t\t\t\t\t<\/a>\n\t\t\t\t\t\t\t\t\t<\/li>\n\t\t\t\t\t\t\t\t<li class=\"elementor-icon-list-item\">\n\t\t\t\t\t\t\t\t\t\t\t<a href=\"https:\/\/www.tuttestorie.it\/wp-content\/uploads\/2021\/08\/3-Bestival-112.pdf\" target=\"_blank\">\n\n\t\t\t\t\t\t\t\t\t\t\t\t<span class=\"elementor-icon-list-icon\">\n\t\t\t\t\t\t\t<i aria-hidden=\"true\" class=\"far fa-file-pdf\"><\/i>\t\t\t\t\t\t<\/span>\n\t\t\t\t\t\t\t\t\t\t<span class=\"elementor-icon-list-text\">BESTIVAL! (2008)<\/span>\n\t\t\t\t\t\t\t\t\t\t\t<\/a>\n\t\t\t\t\t\t\t\t\t<\/li>\n\t\t\t\t\t\t\t\t<li class=\"elementor-icon-list-item\">\n\t\t\t\t\t\t\t\t\t\t\t<a href=\"https:\/\/www.tuttestorie.it\/wp-content\/uploads\/2021\/08\/4-Mutamenti-155.pdf\" target=\"_blank\">\n\n\t\t\t\t\t\t\t\t\t\t\t\t<span class=\"elementor-icon-list-icon\">\n\t\t\t\t\t\t\t<i aria-hidden=\"true\" class=\"far fa-file-pdf\"><\/i>\t\t\t\t\t\t<\/span>\n\t\t\t\t\t\t\t\t\t\t<span class=\"elementor-icon-list-text\">Au secours je change ! (2009)<\/span>\n\t\t\t\t\t\t\t\t\t\t\t<\/a>\n\t\t\t\t\t\t\t\t\t<\/li>\n\t\t\t\t\t\t\t\t<li class=\"elementor-icon-list-item\">\n\t\t\t\t\t\t\t\t\t\t\t<a href=\"https:\/\/www.tuttestorie.it\/wp-content\/uploads\/2021\/08\/5-Malanotte-182.pdf\" target=\"_blank\">\n\n\t\t\t\t\t\t\t\t\t\t\t\t<span class=\"elementor-icon-list-icon\">\n\t\t\t\t\t\t\t<i aria-hidden=\"true\" class=\"far fa-file-pdf\"><\/i>\t\t\t\t\t\t<\/span>\n\t\t\t\t\t\t\t\t\t\t<span class=\"elementor-icon-list-text\">Malanotte! (2010)<\/span>\n\t\t\t\t\t\t\t\t\t\t\t<\/a>\n\t\t\t\t\t\t\t\t\t<\/li>\n\t\t\t\t\t\t\t\t<li class=\"elementor-icon-list-item\">\n\t\t\t\t\t\t\t\t\t\t\t<a href=\"https:\/\/www.tuttestorie.it\/wp-content\/uploads\/2021\/08\/6-Segreti-597.pdf\" target=\"_blank\">\n\n\t\t\t\t\t\t\t\t\t\t\t\t<span class=\"elementor-icon-list-icon\">\n\t\t\t\t\t\t\t<i aria-hidden=\"true\" class=\"far fa-file-pdf\"><\/i>\t\t\t\t\t\t<\/span>\n\t\t\t\t\t\t\t\t\t\t<span class=\"elementor-icon-list-text\">Ne le dis \u00e0 personne (2011)<\/span>\n\t\t\t\t\t\t\t\t\t\t\t<\/a>\n\t\t\t\t\t\t\t\t\t<\/li>\n\t\t\t\t\t\t\t\t<li class=\"elementor-icon-list-item\">\n\t\t\t\t\t\t\t\t\t\t\t<a href=\"https:\/\/www.tuttestorie.it\/wp-content\/uploads\/2021\/08\/7-Incomprensibile-300.pdf\" target=\"_blank\">\n\n\t\t\t\t\t\t\t\t\t\t\t\t<span class=\"elementor-icon-list-icon\">\n\t\t\t\t\t\t\t<i aria-hidden=\"true\" class=\"far fa-file-pdf\"><\/i>\t\t\t\t\t\t<\/span>\n\t\t\t\t\t\t\t\t\t\t<span class=\"elementor-icon-list-text\">L'Incompr\u00e9hensible (2012)<\/span>\n\t\t\t\t\t\t\t\t\t\t\t<\/a>\n\t\t\t\t\t\t\t\t\t<\/li>\n\t\t\t\t\t\t\t\t<li class=\"elementor-icon-list-item\">\n\t\t\t\t\t\t\t\t\t\t\t<a href=\"https:\/\/www.tuttestorie.it\/wp-content\/uploads\/2021\/08\/8-Tana-531.pdf\" target=\"_blank\">\n\n\t\t\t\t\t\t\t\t\t\t\t\t<span class=\"elementor-icon-list-icon\">\n\t\t\t\t\t\t\t<i aria-hidden=\"true\" class=\"far fa-file-pdf\"><\/i>\t\t\t\t\t\t<\/span>\n\t\t\t\t\t\t\t\t\t\t<span class=\"elementor-icon-list-text\">TANA! (2013)<\/span>\n\t\t\t\t\t\t\t\t\t\t\t<\/a>\n\t\t\t\t\t\t\t\t\t<\/li>\n\t\t\t\t\t\t\t\t<li class=\"elementor-icon-list-item\">\n\t\t\t\t\t\t\t\t\t\t\t<a href=\"https:\/\/www.tuttestorie.it\/wp-content\/uploads\/2021\/08\/9-Sorpresa-312.pdf\">\n\n\t\t\t\t\t\t\t\t\t\t\t\t<span class=\"elementor-icon-list-icon\">\n\t\t\t\t\t\t\t<i aria-hidden=\"true\" class=\"far fa-file-pdf\"><\/i>\t\t\t\t\t\t<\/span>\n\t\t\t\t\t\t\t\t\t\t<span class=\"elementor-icon-list-text\">Surprise! (2014)<\/span>\n\t\t\t\t\t\t\t\t\t\t\t<\/a>\n\t\t\t\t\t\t\t\t\t<\/li>\n\t\t\t\t\t\t<\/ul>\n\t\t\t\t\t\t<\/div>\n\t\t\t\t<\/div>\n\t\t\t\t\t<\/div>\n\t\t<\/div>\n\t\t\t\t<div class=\"elementor-column elementor-col-50 elementor-inner-column elementor-element elementor-element-079548d\" data-id=\"079548d\" data-element_type=\"column\" data-e-type=\"column\">\n\t\t\t<div class=\"elementor-widget-wrap elementor-element-populated\">\n\t\t\t\t\t\t<div data-dce-text-color=\"#FFFFFF\" class=\"elementor-element elementor-element-5bf1c97 elementor-icon-list--layout-traditional elementor-list-item-link-full_width elementor-widget elementor-widget-icon-list\" data-id=\"5bf1c97\" data-element_type=\"widget\" data-e-type=\"widget\" data-widget_type=\"icon-list.default\">\n\t\t\t\t<div class=\"elementor-widget-container\">\n\t\t\t\t\t\t\t<ul class=\"elementor-icon-list-items\">\n\t\t\t\t\t\t\t<li class=\"elementor-icon-list-item\">\n\t\t\t\t\t\t\t\t\t\t\t<a href=\"https:\/\/www.tuttestorie.it\/wp-content\/uploads\/2021\/08\/10-EXTRA-283.pdf\" target=\"_blank\">\n\n\t\t\t\t\t\t\t\t\t\t\t\t<span class=\"elementor-icon-list-icon\">\n\t\t\t\t\t\t\t<i aria-hidden=\"true\" class=\"far fa-file-pdf\"><\/i>\t\t\t\t\t\t<\/span>\n\t\t\t\t\t\t\t\t\t\t<span class=\"elementor-icon-list-text\">Extra (2015)<\/span>\n\t\t\t\t\t\t\t\t\t\t\t<\/a>\n\t\t\t\t\t\t\t\t\t<\/li>\n\t\t\t\t\t\t\t\t<li class=\"elementor-icon-list-item\">\n\t\t\t\t\t\t\t\t\t\t\t<a href=\"https:\/\/www.tuttestorie.it\/wp-content\/uploads\/2021\/08\/11-Coraggio-366.pdf\" target=\"_blank\">\n\n\t\t\t\t\t\t\t\t\t\t\t\t<span class=\"elementor-icon-list-icon\">\n\t\t\t\t\t\t\t<i aria-hidden=\"true\" class=\"far fa-file-pdf\"><\/i>\t\t\t\t\t\t<\/span>\n\t\t\t\t\t\t\t\t\t\t<span class=\"elementor-icon-list-text\">Avec quel courage (2016)<\/span>\n\t\t\t\t\t\t\t\t\t\t\t<\/a>\n\t\t\t\t\t\t\t\t\t<\/li>\n\t\t\t\t\t\t\t\t<li class=\"elementor-icon-list-item\">\n\t\t\t\t\t\t\t\t\t\t\t<a href=\"https:\/\/www.tuttestorie.it\/wp-content\/uploads\/2021\/08\/12-Legami-381.pdf\" target=\"_blank\">\n\n\t\t\t\t\t\t\t\t\t\t\t\t<span class=\"elementor-icon-list-icon\">\n\t\t\t\t\t\t\t<i aria-hidden=\"true\" class=\"far fa-file-pdf\"><\/i>\t\t\t\t\t\t<\/span>\n\t\t\t\t\t\t\t\t\t\t<span class=\"elementor-icon-list-text\">\u00c7a d\u00e9pend de comment tu me serres dans tes bras (2017)<\/span>\n\t\t\t\t\t\t\t\t\t\t\t<\/a>\n\t\t\t\t\t\t\t\t\t<\/li>\n\t\t\t\t\t\t\t\t<li class=\"elementor-icon-list-item\">\n\t\t\t\t\t\t\t\t\t\t\t<a href=\"https:\/\/www.tuttestorie.it\/wp-content\/uploads\/2021\/08\/13-Desiderio-548.pdf\" target=\"_blank\">\n\n\t\t\t\t\t\t\t\t\t\t\t\t<span class=\"elementor-icon-list-icon\">\n\t\t\t\t\t\t\t<i aria-hidden=\"true\" class=\"far fa-file-pdf\"><\/i>\t\t\t\t\t\t<\/span>\n\t\t\t\t\t\t\t\t\t\t<span class=\"elementor-icon-list-text\">Je veux l'herbe des \u00e9toiles (2018)<\/span>\n\t\t\t\t\t\t\t\t\t\t\t<\/a>\n\t\t\t\t\t\t\t\t\t<\/li>\n\t\t\t\t\t\t\t\t<li class=\"elementor-icon-list-item\">\n\t\t\t\t\t\t\t\t\t\t\t<a href=\"https:\/\/www.tuttestorie.it\/wp-content\/uploads\/2021\/08\/14-TERRA-TERRA-579.pdf\" target=\"_blank\">\n\n\t\t\t\t\t\t\t\t\t\t\t\t<span class=\"elementor-icon-list-icon\">\n\t\t\t\t\t\t\t<i aria-hidden=\"true\" class=\"far fa-file-pdf\"><\/i>\t\t\t\t\t\t<\/span>\n\t\t\t\t\t\t\t\t\t\t<span class=\"elementor-icon-list-text\">Terre Terre (2019)<\/span>\n\t\t\t\t\t\t\t\t\t\t\t<\/a>\n\t\t\t\t\t\t\t\t\t<\/li>\n\t\t\t\t\t\t\t\t<li class=\"elementor-icon-list-item\">\n\t\t\t\t\t\t\t\t\t\t\t<a href=\"https:\/\/www.tuttestorie.it\/wp-content\/uploads\/2021\/08\/15-Il-Corpo-Tutti-i-pensieri-2020.pdf\" target=\"_blank\">\n\n\t\t\t\t\t\t\t\t\t\t\t\t<span class=\"elementor-icon-list-icon\">\n\t\t\t\t\t\t\t<i aria-hidden=\"true\" class=\"far fa-file-pdf\"><\/i>\t\t\t\t\t\t<\/span>\n\t\t\t\t\t\t\t\t\t\t<span class=\"elementor-icon-list-text\">Corps \u00e0 corps (2020)<\/span>\n\t\t\t\t\t\t\t\t\t\t\t<\/a>\n\t\t\t\t\t\t\t\t\t<\/li>\n\t\t\t\t\t\t\t\t<li class=\"elementor-icon-list-item\">\n\t\t\t\t\t\t\t\t\t\t\t<a href=\"https:\/\/www.tuttestorie.it\/wp-content\/uploads\/2021\/08\/16-Dietro-la-curva-924.pdf\">\n\n\t\t\t\t\t\t\t\t\t\t\t\t<span class=\"elementor-icon-list-icon\">\n\t\t\t\t\t\t\t<i aria-hidden=\"true\" class=\"far fa-file-pdf\"><\/i>\t\t\t\t\t\t<\/span>\n\t\t\t\t\t\t\t\t\t\t<span class=\"elementor-icon-list-text\">Derri\u00e8re le virage (2021)<\/span>\n\t\t\t\t\t\t\t\t\t\t\t<\/a>\n\t\t\t\t\t\t\t\t\t<\/li>\n\t\t\t\t\t\t\t\t<li class=\"elementor-icon-list-item\">\n\t\t\t\t\t\t\t\t\t\t\t<a href=\"https:\/\/www.tuttestorie.it\/wp-content\/uploads\/2023\/02\/17-Quanto-manca-884.pdf\">\n\n\t\t\t\t\t\t\t\t\t\t\t\t<span class=\"elementor-icon-list-icon\">\n\t\t\t\t\t\t\t<i aria-hidden=\"true\" class=\"far fa-file-pdf\"><\/i>\t\t\t\t\t\t<\/span>\n\t\t\t\t\t\t\t\t\t\t<span class=\"elementor-icon-list-text\">Combien de temps encore ? (2022)<\/span>\n\t\t\t\t\t\t\t\t\t\t\t<\/a>\n\t\t\t\t\t\t\t\t\t<\/li>\n\t\t\t\t\t\t\t\t<li class=\"elementor-icon-list-item\">\n\t\t\t\t\t\t\t\t\t\t\t<a href=\"https:\/\/www.tuttestorie.it\/wp-content\/uploads\/2023\/12\/Tutti-i-pensieri-Festival-Ufficio-Poetico-Familiare-294.pdf\">\n\n\t\t\t\t\t\t\t\t\t\t\t\t<span class=\"elementor-icon-list-icon\">\n\t\t\t\t\t\t\t<i aria-hidden=\"true\" class=\"far fa-file-pdf\"><\/i>\t\t\t\t\t\t<\/span>\n\t\t\t\t\t\t\t\t\t\t<span class=\"elementor-icon-list-text\">Qui est l\u00e0 est l\u00e0 (2023)<\/span>\n\t\t\t\t\t\t\t\t\t\t\t<\/a>\n\t\t\t\t\t\t\t\t\t<\/li>\n\t\t\t\t\t\t<\/ul>\n\t\t\t\t\t\t<\/div>\n\t\t\t\t<\/div>\n\t\t\t\t\t<\/div>\n\t\t<\/div>\n\t\t\t\t\t<\/div>\n\t\t<\/section>\n\t\t\t\t\t<\/div>\n\t\t<\/div>\n\t\t\t\t\t<\/div>\n\t\t<\/section>\n\t\t\t\t<\/div>\n\t\t","protected":false},"excerpt":{"rendered":"<p>Qu&rsquo;est-ce que le Bureau Po\u00e9tique C&rsquo;est quoi le Bureau Po\u00e9tique? Le Bureau Po\u00e9tique du Festival Tuttestorie est \u00ab Une Pompe de Sens, un C\u0153ur d\u2019\u00c9crivain qui aspire de toutes parts les Histoires des Lecteurs pour qu\u2019elles rencontrent celles des Livres. \u00bb Les mots de Bruno Tognolini expriment l&rsquo;essence du Bureau Po\u00e9tique, le pouvoir g\u00e9n\u00e9rateur et [&hellip;]<\/p>\n","protected":false},"author":1,"featured_media":0,"parent":37715,"menu_order":0,"comment_status":"closed","ping_status":"closed","template":"","meta":{"_acf_changed":false,"footnotes":""},"class_list":["post-37764","page","type-page","status-publish","hentry"],"acf":[],"_links":{"self":[{"href":"https:\/\/www.tuttestorie.it\/fr\/wp-json\/wp\/v2\/pages\/37764","targetHints":{"allow":["GET"]}}],"collection":[{"href":"https:\/\/www.tuttestorie.it\/fr\/wp-json\/wp\/v2\/pages"}],"about":[{"href":"https:\/\/www.tuttestorie.it\/fr\/wp-json\/wp\/v2\/types\/page"}],"author":[{"embeddable":true,"href":"https:\/\/www.tuttestorie.it\/fr\/wp-json\/wp\/v2\/users\/1"}],"replies":[{"embeddable":true,"href":"https:\/\/www.tuttestorie.it\/fr\/wp-json\/wp\/v2\/comments?post=37764"}],"version-history":[{"count":0,"href":"https:\/\/www.tuttestorie.it\/fr\/wp-json\/wp\/v2\/pages\/37764\/revisions"}],"up":[{"embeddable":true,"href":"https:\/\/www.tuttestorie.it\/fr\/wp-json\/wp\/v2\/pages\/37715"}],"wp:attachment":[{"href":"https:\/\/www.tuttestorie.it\/fr\/wp-json\/wp\/v2\/media?parent=37764"}],"curies":[{"name":"wp","href":"https:\/\/api.w.org\/{rel}","templated":true}]}}