{"id":50216,"date":"2026-04-18T12:17:06","date_gmt":"2026-04-18T10:17:06","guid":{"rendered":"https:\/\/www.tuttestorie.it\/?page_id=50216"},"modified":"2026-04-18T12:17:07","modified_gmt":"2026-04-18T10:17:07","slug":"20e-edition","status":"publish","type":"page","link":"https:\/\/www.tuttestorie.it\/fr\/accueil\/20e-edition\/","title":{"rendered":"20e \u00e9dition"},"content":{"rendered":"\t\t<div data-elementor-type=\"wp-page\" data-elementor-id=\"50216\" class=\"elementor elementor-50216 elementor-50214\" data-elementor-post-type=\"page\">\n\t\t\t\t\t\t<section data-dce-background-image-url=\"https:\/\/www.tuttestorie.it\/wp-content\/uploads\/2024\/02\/case-lampioni.jpg\" class=\"elementor-section elementor-top-section elementor-element elementor-element-1110ab5 elementor-section-height-min-height elementor-section-boxed elementor-section-height-default elementor-section-items-middle\" data-id=\"1110ab5\" data-element_type=\"section\" data-e-type=\"section\" data-settings=\"{&quot;background_background&quot;:&quot;classic&quot;}\">\n\t\t\t\t\t\t<div class=\"elementor-container elementor-column-gap-default\">\n\t\t\t\t\t<div class=\"elementor-column elementor-col-100 elementor-top-column elementor-element elementor-element-89a4455\" data-id=\"89a4455\" data-element_type=\"column\" data-e-type=\"column\">\n\t\t\t<div class=\"elementor-widget-wrap\">\n\t\t\t\t\t\t\t<\/div>\n\t\t<\/div>\n\t\t\t\t\t<\/div>\n\t\t<\/section>\n\t\t\t\t<section class=\"elementor-section elementor-top-section elementor-element elementor-element-e7331f7 elementor-section-height-min-height elementor-section-items-top elementor-section-boxed elementor-section-height-default\" data-id=\"e7331f7\" data-element_type=\"section\" data-e-type=\"section\">\n\t\t\t\t\t\t<div class=\"elementor-container elementor-column-gap-default\">\n\t\t\t\t\t<div class=\"elementor-column elementor-col-100 elementor-top-column elementor-element elementor-element-9c8b4c5\" data-id=\"9c8b4c5\" data-element_type=\"column\" data-e-type=\"column\">\n\t\t\t<div class=\"elementor-widget-wrap elementor-element-populated\">\n\t\t\t\t\t\t<div class=\"elementor-element elementor-element-5983978 elementor-widget-divider--view-line_text elementor-widget-divider--element-align-left elementor-widget elementor-widget-divider\" data-id=\"5983978\" data-element_type=\"widget\" data-e-type=\"widget\" data-widget_type=\"divider.default\">\n\t\t\t\t<div class=\"elementor-widget-container\">\n\t\t\t\t\t\t\t<div class=\"elementor-divider\">\n\t\t\t<span class=\"elementor-divider-separator\">\n\t\t\t\t\t\t\t<span class=\"elementor-divider__text elementor-divider__element\">\n\t\t\t\t20e \u00e9dition\t\t\t\t<\/span>\n\t\t\t\t\t\t<\/span>\n\t\t<\/div>\n\t\t\t\t\t\t<\/div>\n\t\t\t\t<\/div>\n\t\t\t\t<div data-dce-text-color=\"#6884b7\" class=\"elementor-element elementor-element-b2c9024 elementor-widget elementor-widget-text-editor\" data-id=\"b2c9024\" data-element_type=\"widget\" data-e-type=\"widget\" data-widget_type=\"text-editor.default\">\n\t\t\t\t<div class=\"elementor-widget-container\">\n\t\t\t\t\t\t\t\t\t<p>inVENTario<br>Des histoires, des visions et des livres pour remettre tout \u00e0 sa place et rien en ordre.<\/p>\t\t\t\t\t\t\t\t<\/div>\n\t\t\t\t<\/div>\n\t\t<div class=\"elementor-element elementor-element-d04abad e-flex e-con-boxed e-con e-parent\" data-id=\"d04abad\" data-element_type=\"container\" data-e-type=\"container\">\n\t\t\t\t\t<div class=\"e-con-inner\">\n\t\t<!-- dce invisible element c49f232 -->\t\t\t<\/div>\n\t\t\t\t<\/div>\n\t\t\t\t<div class=\"elementor-element elementor-element-76f0b8f elementor-widget elementor-widget-text-editor\" data-id=\"76f0b8f\" data-element_type=\"widget\" data-e-type=\"widget\" data-widget_type=\"text-editor.default\">\n\t\t\t\t<div class=\"elementor-widget-container\">\n\t\t\t\t\t\t\t\t\t<p>Cagliari et autres communes de l&rsquo;\u00eele du 30 septembre au 6 octobre 2025<\/p><p>Con\u00e7u et organis\u00e9 par la Librairie Tuttestorie pour filles et gar\u00e7ons, et con\u00e7u en collaboration avec l&rsquo;\u00e9crivain Bruno Tognolini, le Festival Tuttestorie s&rsquo;adresse aux filles et aux gar\u00e7ons de 0 \u00e0 16 ans, avec un espace d&rsquo;apprentissage et d&rsquo;\u00e9ducation d\u00e9di\u00e9 aux adultes. Le programme accueille des invit\u00e9s internationaux, parmi lesquels des \u00e9crivains, des illustrateurs, des artistes, des scientifiques, des ateliers et des experts en litt\u00e9rature jeunesse. <\/p><p>Depuis Cagliari (Exma, Basilique de S. Saturnino, Oratorio S.Lucifero, Libreria Tuttestorie, Mediateca del Mediterraneo, Biancospino Dispensa et Biblioteca di Sardegna Ricerche), le festival s&rsquo;arr\u00eatera \u00e0 Carbonia (avec les classes du Syst\u00e8me de Biblioth\u00e8ques SBIS), \u00e0 Isili (avec les classes du Syst\u00e8me de Biblioth\u00e8ques Sarcidano-Barbagia de Seulo) et dans les municipalit\u00e9s d&rsquo;Iglesias, Gonnesa, Sanluri, Quartu Sant&rsquo;Elena, Selargius et Villanovaforru.<\/p><p>Rencontres, ateliers, spectacles, r\u00e9cits, performances, expositions et \u00e9v\u00e9nements sp\u00e9ciaux seront consacr\u00e9s au th\u00e8me de l&rsquo;INVENTAIRE en 2025. Ce sera l&rsquo;occasion de retracer et de r\u00e9interpr\u00e9ter de mani\u00e8re cr\u00e9ative les th\u00e8mes qui ont travers\u00e9 les vingt ann\u00e9es du Festival (Questions, D\u00e9sob\u00e9issance, B\u00eates, Changement, Nuit, Secret, Incompr\u00e9hensible, Maison, Surprise, Extra, Courage, Liens, D\u00e9sirs, Terre, Corps, Voyage, Temps, Familles, Fin) et, simultan\u00e9ment, de se tourner vers le pr\u00e9sent et l&rsquo;avenir. Ce sera un jeu de catalogage, de r\u00e9organisation, de m\u00e9moire, de r\u00e9flexion, de mouvement et de connexion de ce qui a \u00e9t\u00e9 accompli en vingt ans. Et donc aussi une invention de ce que nous aimerions que Tuttestorie soit dans les ann\u00e9es \u00e0 venir. Mais ce sera aussi un inventaire du monde, avec un regard sur ce qui est l\u00e0 et autour de nous, \u00e9vitant tout sentiment d&rsquo;autoc\u00e9l\u00e9bration. Et toujours en complicit\u00e9 avec la grande communaut\u00e9 du festival, compos\u00e9e des enfants, des familles, des groupes scolaires, des enseignants, des biblioth\u00e9caires avec qui nous cheminons depuis des ann\u00e9es, mais aussi des \u00e9diteurs, des partenaires, des institutions et bien s\u00fbr des auteurs, des artistes de divers arts, l&rsquo;illustration en premier lieu.     <\/p><p> PASTA MADRE<\/p><p>La fille de l&rsquo;anthropologue Gregory Bateson demandait : \u00ab Papa, pourquoi tout finit-il toujours par d\u00e9sordre ? \u00bb On prend soin de ranger, remarqua-t-elle, mais personne ne prend soin de tout remettre en ordre. Certes, mais alors qu&rsquo;est-ce qui les met en d\u00e9sordre ? 1) Les vents du Chaos ? 2) L&rsquo;entropie ? 3) Le changement ? 4) La vie, qui, parce qu&rsquo;elle est vivante, d\u00e9place et d\u00e9place les choses ? En r\u00e9alit\u00e9, tout finit par d\u00e9sordre, et on ne trouve plus rien. Et que faire ? Supposons que 1) pendant des heures, il faut un emploi du temps, 2) pendant des ann\u00e9es, un annuaire, 3) pour les lampes, un lustre ; 4) pour trouver, il faut un troubadour. Ce qui signifie \u00ab inventaire \u00bb en latin.              <\/p><p>Les inventaires mettent de l&rsquo;ordre. Et cela, semble-t-il, nous procure un sentiment de bien-\u00eatre, ou du moins un peu de r\u00e9confort. Mais pourquoi ? 1) Parce que nous savons combien il y a de choses, lesquelles et o\u00f9 elles se trouvent \u2013 \u200b\u200bune connaissance utile \u00e0 de nombreuses fins depuis des si\u00e8cles. 2) Parce que nous avons plus d&rsquo;espace dans notre t\u00eate : le d\u00e9sordre, disent les psychologues, m\u00eame si nous ne le voyons pas, cr\u00e9e un \u00ab bruit mental \u00bb qui semble nous distraire. 3) Parce que nous sommes nous-m\u00eames ordonn\u00e9s : nous sommes des organismes dot\u00e9s d&rsquo;une sym\u00e9trie centrale, deux yeux, deux mains, deux pieds, quelque chose au centre, chaque chose soigneusement rang\u00e9e \u00e0 sa place.     <\/p><p>Quoi qu&rsquo;il en soit, il semble que faire l&rsquo;inventaire, compter et ranger procure un sentiment de bien-\u00eatre. Nombreux sont les gar\u00e7ons, les filles et m\u00eame les adultes qui comptent tout : 1) leurs pas (peut-\u00eatre en marchant sur les bords des ombres) ; 2) les chaises dans une pi\u00e8ce ; 3) les choses \u00e0 faire \u2013 un bel inventaire en temps r\u00e9el avec des cases \u00e0 cocher : nourri, d\u00e9shabill\u00e9, fait les dents, bonne nuit\u2026    <\/p><p>Les livres sont aussi des inventaires, au moins de trois mani\u00e8res. 1) TOUS LES LIVRES SONT UNE SORTE D&rsquo;INVENTAIRES. Surtout a) les histoires, car leur r\u00e9seau de vers et de mots maintient l&rsquo;ordre : \u00e0 l&rsquo;int\u00e9rieur, ce qui sert l&rsquo;histoire, soigneusement agenc\u00e9 dans l&rsquo;intrigue ; \u00e0 l&rsquo;ext\u00e9rieur, tout le reste. Mais b) les po\u00e8mes aussi organisent, comme le montre la Rima Inventaria du Festival.     <\/p><p>2) CERTAINS LIVRES SONT DE VRAIS INVENTAIRES. a) Ceux qui alignent et expliquent les animaux, les plantes, les pierres, les personnes, les choses et les lieux. Et puis b) les ab\u00e9c\u00e9daires, qui classent le monde par ordre alphab\u00e9tique, un bel inventaire des sons en soi. 3) CERTAINS LIVRES CONTIENNENT DES INVENTAIRES. Comme a) \u00ab Le BGG \u00bb, o\u00f9 le g\u00e9ant recueille les r\u00eaves avec un filet et les met dans des bocaux align\u00e9s. Ou b) \u00ab Harry Potter \u00bb, avec l&rsquo;inventaire des choses \u00e0 acheter pour Poudlard : 1 baguette magique, 1 chaudron, 1 jeu d&rsquo;\u00e9prouvettes en verre ou en cristal, 1 t\u00e9lescope, 1 balance en laiton, 1 hibou, 1 chat ou 1 crapaud\u2026        <\/p><p>Il existe aussi des inventaires ludiques, qui pr\u00e9tendent ranger, mais qui en r\u00e9alit\u00e9 s\u00e8ment le d\u00e9sordre, comme certaines petites filles et certains petits gar\u00e7ons qui alignent des objets qui ne sont pas \u00e0 leur place, qui n&rsquo;existent pas, ou qui n&rsquo;existent m\u00eame pas. Comme l&rsquo;\u00e9trange inventaire de Borges qui dit : \u00ab Les animaux sont divis\u00e9s en : a) ceux de l&rsquo;Empereur, b) empaill\u00e9s, c) dress\u00e9s, d) les porcelets, e) les sir\u00e8nes, f) les fabuleux, g) les chiens errants, h) ceux inclus dans la pr\u00e9sente classification, i) ceux qui s&rsquo;agitent comme des fous, j) les innombrables, k) ceux dessin\u00e9s avec un pinceau tr\u00e8s fin en poil de chameau, l) etc., m) ceux qui ont bris\u00e9 le vase, n) ceux qui, de loin, ressemblent \u00e0 des mouches\u2026 \u00bb               <\/p><p>Que veut nous dire ce vieux po\u00e8te sage ? Qu&rsquo;il est inutile de faire l&rsquo;inventaire : tout sera toujours en ordre et rien ne le sera jamais. Un beau travail de Sisyphe. Comme notre Inventaire des Festivals de vingt ans. Nous essayons de mettre les choses en ordre, chacun dans son tiroir : mais vingt ans de mots, d&rsquo;images, de pens\u00e9es, d&rsquo;inventions, de chansons et d&rsquo;actions, et de livres et de livres, s&rsquo;envolent dans tous les sens. Nous n&rsquo;y arriverons jamais. Ni parler de l&rsquo;Inventaire de ce Festival, ni faire l&rsquo;Inventaire de tous les Festivals. Mais tels des enfants sur la plage du Poetto, construisant des ch\u00e2teaux que les vagues emportent, nous essayons encore et encore. Allez, courage, d\u00e8s le d\u00e9but : \u00ab 2006 Questions, 2007 D\u00e9sob\u00e9issances, 2008 Animaux, 2009 Changements\u2026 \u00bb        <\/p>\t\t\t\t\t\t\t\t<\/div>\n\t\t\t\t<\/div>\n\t\t<div class=\"elementor-element elementor-element-ca76d3e e-flex e-con-boxed e-con e-parent\" data-id=\"ca76d3e\" data-element_type=\"container\" data-e-type=\"container\">\n\t\t\t\t\t<div class=\"e-con-inner\">\n\t\t<!-- dce invisible element 2a30471 -->\t\t\t<\/div>\n\t\t\t\t<\/div>\n\t\t\t\t\t<\/div>\n\t\t<\/div>\n\t\t\t\t\t<\/div>\n\t\t<\/section>\n\t\t\t\t<\/div>\n\t\t","protected":false},"excerpt":{"rendered":"<p>20e \u00e9dition inVENTarioDes histoires, des visions et des livres pour remettre tout \u00e0 sa place et rien en ordre. T\u00e9l\u00e9chargez la brochure Cagliari et autres communes de l&rsquo;\u00eele du 30 septembre au 6 octobre 2025 Con\u00e7u et organis\u00e9 par la Librairie Tuttestorie pour filles et gar\u00e7ons, et con\u00e7u en collaboration avec l&rsquo;\u00e9crivain Bruno Tognolini, le [&hellip;]<\/p>\n","protected":false},"author":1,"featured_media":0,"parent":37715,"menu_order":0,"comment_status":"closed","ping_status":"closed","template":"","meta":{"_acf_changed":false,"footnotes":""},"class_list":["post-50216","page","type-page","status-publish","hentry"],"acf":[],"_links":{"self":[{"href":"https:\/\/www.tuttestorie.it\/fr\/wp-json\/wp\/v2\/pages\/50216","targetHints":{"allow":["GET"]}}],"collection":[{"href":"https:\/\/www.tuttestorie.it\/fr\/wp-json\/wp\/v2\/pages"}],"about":[{"href":"https:\/\/www.tuttestorie.it\/fr\/wp-json\/wp\/v2\/types\/page"}],"author":[{"embeddable":true,"href":"https:\/\/www.tuttestorie.it\/fr\/wp-json\/wp\/v2\/users\/1"}],"replies":[{"embeddable":true,"href":"https:\/\/www.tuttestorie.it\/fr\/wp-json\/wp\/v2\/comments?post=50216"}],"version-history":[{"count":0,"href":"https:\/\/www.tuttestorie.it\/fr\/wp-json\/wp\/v2\/pages\/50216\/revisions"}],"up":[{"embeddable":true,"href":"https:\/\/www.tuttestorie.it\/fr\/wp-json\/wp\/v2\/pages\/37715"}],"wp:attachment":[{"href":"https:\/\/www.tuttestorie.it\/fr\/wp-json\/wp\/v2\/media?parent=50216"}],"curies":[{"name":"wp","href":"https:\/\/api.w.org\/{rel}","templated":true}]}}